{"id":1271,"date":"2018-10-15T13:38:20","date_gmt":"2018-10-15T13:38:20","guid":{"rendered":"https:\/\/kadosopot.pl\/?page_id=1271"},"modified":"2020-05-11T14:36:14","modified_gmt":"2020-05-11T14:36:14","slug":"polityka-prywatnosci","status":"publish","type":"page","link":"https:\/\/kadosopot.pl\/?page_id=1271","title":{"rendered":"Polityka prywatno\u015bci"},"content":{"rendered":"<p><strong>KLAUZULA INFORMACYJNA DOTYCZ\u0104CA BEZPIECZE\u0143STWA DANYCH OSOBOWYCH <\/strong><\/p>\n<p>Niniejsza <em>Polityka bezpiecze\u0144stwa<\/em> zosta\u0142a sporz\u0105dzona w celu wykazania, \u017ce dane osobowe s\u0105 przetwarzane i zabezpieczone zgodnie z wymogami prawa, dotycz\u0105cymi zasad przetwarzania i zabezpieczenia danych w Biurze T\u0142umacza Przysi\u0119g\u0142ego Katarzyny Dobrowolskiej w tym z Rozporz\u0105dzeniem Parlamentu Europejskiego i Rady (UE) 2016\/679 z 27 kwietnia 2016 r. w sprawie ochrony os\u00f3b fizycznych w zwi\u0105zku z przetwarzaniem danych osobowych i w sprawie swobodnego przep\u0142ywu takich danych oraz uchylenia dyrektywy 95\/46\/WE (RODO).<\/p>\n<p>&nbsp;<\/p>\n<ol>\n<li>Administratorem Pa\u0144stwa danych osobowych jest T\u0142umacz Przysi\u0119g\u0142y J\u0119z. Angielskiego Katarzyna Dobrowolska.<\/li>\n<li>Pa\u0144stwa dane osobowe s\u0105 przetwarzane w celu realizacji zleconego t\u0142umaczenia.<\/li>\n<li>Zgodnie z postanowieniami ustawy z dnia 25 listopada 1994 roku o zawodzie t\u0142umacza przysi\u0119g\u0142ego dane osobowe przetwarzane w Biurze T\u0142umacza Przysi\u0119g\u0142ego Katarzyny Dobrowolskiej, a uzyskane w zwi\u0105zku z wykonywaniem us\u0142ugi t\u0142umaczenia przez t\u0142umacza, obj\u0119te s\u0105 tajemnic\u0105 zawodow\u0105. T\u0142umacza nie mo\u017cna zwolni\u0107 od obowi\u0105zku zachowania tajemnicy zawodowej co do fakt\u00f3w, o kt\u00f3rych dowiedzia\u0142 si\u0119 wykonuj\u0105c us\u0142ug\u0119 t\u0142umaczenia.<\/li>\n<li>Dane s\u0105 przetwarzane rzetelnie i w spos\u00f3b przejrzysty.<\/li>\n<li>Dane osobowe s\u0105 przetwarzane jedynie w takim zakresie, jaki jest nie-zb\u0119dny dla osi\u0105gni\u0119cia celu przetwarzania danych (t\u0142umaczenie).<\/li>\n<li>Czas przechowywania danych jest ograniczony do ustania celu lub do momentu ustania roszcze\u0144, a po tym okresie s\u0105 one anonimizowane b\u0105d\u017a usuwane.<\/li>\n<li>Wobec osoby, kt\u00f3rej dane dotycz\u0105, wykonywany jest obowi\u0105zek informacyjny zgodnie z tre\u015bci\u0105 art. 13 i 14 RODO.<\/li>\n<li>Dane s\u0105 zabezpieczone przed naruszeniami zasad ich ochrony.<\/li>\n<li>Komputer zawieraj\u0105cy dane posiada dost\u0119p zabezpieczony has\u0142em sk\u0142adaj\u0105cym si\u0119 z ci\u0105gu znak\u00f3w.<\/li>\n<li>Komputer posiada legalne i aktualizowane oprogramowanie oraz zabezpieczenia w postaci program\u00f3w antywirusowych.<\/li>\n<li>Sie\u0107 lokalna jest zabezpieczona przed dzia\u0142aniami inicjowanymi z zewn\u0105trz przy u\u017cyciu sieci firewall.<\/li>\n<li>Ewentualne wydruki s\u0105 przechowywane w zamkni\u0119ciu oraz okresowo skutecznie niszczone przez firm\u0119 \u201eDokumenta\u201d, kt\u00f3ra wydaje certyfikaty niszczenia dokument\u00f3w zabieraj\u0105c materia\u0142 w zaplombowanych<\/li>\n<\/ol>\n","protected":false},"excerpt":{"rendered":"<p>KLAUZULA INFORMACYJNA DOTYCZ\u0104CA BEZPIECZE\u0143STWA DANYCH OSOBOWYCH Niniejsza Polityka bezpiecze\u0144stwa zosta\u0142a sporz\u0105dzona w celu wykazania, \u017ce dane osobowe s\u0105 przetwarzane i zabezpieczone zgodnie z wymogami prawa, dotycz\u0105cymi zasad przetwarzania i zabezpieczenia danych w Biurze T\u0142umacza Przysi\u0119g\u0142ego Katarzyny Dobrowolskiej w tym z Rozporz\u0105dzeniem Parlamentu Europejskiego i Rady (UE) 2016\/679 z 27 kwietnia 2016 r. w sprawie ochrony&#8230;<\/p>\n","protected":false},"author":1,"featured_media":0,"parent":0,"menu_order":0,"comment_status":"closed","ping_status":"closed","template":"","meta":{"footnotes":""},"class_list":["post-1271","page","type-page","status-publish","hentry"],"_links":{"self":[{"href":"https:\/\/kadosopot.pl\/index.php?rest_route=\/wp\/v2\/pages\/1271","targetHints":{"allow":["GET"]}}],"collection":[{"href":"https:\/\/kadosopot.pl\/index.php?rest_route=\/wp\/v2\/pages"}],"about":[{"href":"https:\/\/kadosopot.pl\/index.php?rest_route=\/wp\/v2\/types\/page"}],"author":[{"embeddable":true,"href":"https:\/\/kadosopot.pl\/index.php?rest_route=\/wp\/v2\/users\/1"}],"replies":[{"embeddable":true,"href":"https:\/\/kadosopot.pl\/index.php?rest_route=%2Fwp%2Fv2%2Fcomments&post=1271"}],"version-history":[{"count":1,"href":"https:\/\/kadosopot.pl\/index.php?rest_route=\/wp\/v2\/pages\/1271\/revisions"}],"predecessor-version":[{"id":1272,"href":"https:\/\/kadosopot.pl\/index.php?rest_route=\/wp\/v2\/pages\/1271\/revisions\/1272"}],"wp:attachment":[{"href":"https:\/\/kadosopot.pl\/index.php?rest_route=%2Fwp%2Fv2%2Fmedia&parent=1271"}],"curies":[{"name":"wp","href":"https:\/\/api.w.org\/{rel}","templated":true}]}}